{"id":2,"date":"2017-03-04T11:03:14","date_gmt":"2017-03-04T11:03:14","guid":{"rendered":"http:\/\/templatecms.kinghost.net\/wordpress\/4.1.1-pt_br\/?page_id=2"},"modified":"2021-01-19T18:14:14","modified_gmt":"2021-01-19T18:14:14","slug":"home","status":"publish","type":"page","link":"https:\/\/www.oevangelho.org.br\/","title":{"rendered":""},"content":{"rendered":"<div id=\"pl-2\"  class=\"panel-layout\" ><div id=\"pg-2-0\"  class=\"panel-grid panel-no-style\" ><div id=\"pgc-2-0-0\"  class=\"panel-grid-cell\" ><div id=\"panel-2-0-0-0\" class=\"widget_text so-panel widget widget_custom_html panel-first-child panel-last-child\" data-index=\"0\" ><div class=\"textwidget custom-html-widget\">\t\t\t<div \n\t\t\tclass=\"yotu-playlist yotuwp yotu-limit-min   yotu-thumb-169  yotu-template-grid\" \n\t\t\tdata-page=\"1\"\n\t\t\tid=\"yotuwp-69dfc056a6803\"\n\t\t\tdata-yotu=\"69dfc0571ff4c\"\n\t\t\tdata-total=\"15\"\n\t\t\tdata-settings=\"eyJ0eXBlIjoicGxheWxpc3QiLCJpZCI6IlBMOVI3NjdRWmx1d2w2N1Q4X2dySmFHbFU0SHZoZlpSQVkiLCJwYWdpbmF0aW9uIjoib24iLCJwYWdpdHlwZSI6InBhZ2VyIiwiY29sdW1uIjoiMyIsInBlcl9wYWdlIjoiMjQiLCJ0ZW1wbGF0ZSI6ImdyaWQiLCJ0aXRsZSI6Im9uIiwiZGVzY3JpcHRpb24iOiJvZmYiLCJ0aHVtYnJhdGlvIjoiMTY5IiwibWV0YSI6Im9mZiIsIm1ldGFfZGF0YSI6Im9mZiIsIm1ldGFfcG9zaXRpb24iOiJvZmYiLCJkYXRlX2Zvcm1hdCI6Im9mZiIsIm1ldGFfYWxpZ24iOiJvZmYiLCJzdWJzY3JpYmUiOiJvZmYiLCJkdXJhdGlvbiI6Im9mZiIsIm1ldGFfaWNvbiI6Im9mZiIsIm5leHR0ZXh0IjoiIiwicHJldnRleHQiOiIiLCJsb2FkbW9yZXRleHQiOiIiLCJwbGF5ZXIiOnsibW9kZSI6ImxhcmdlIiwid2lkdGgiOiI2MDAiLCJzY3JvbGxpbmciOiIxMDAiLCJhdXRvcGxheSI6MCwiY29udHJvbHMiOjEsIm1vZGVzdGJyYW5kaW5nIjoxLCJsb29wIjowLCJhdXRvbmV4dCI6MCwic2hvd2luZm8iOjEsInJlbCI6MCwicGxheWluZyI6MCwicGxheWluZ19kZXNjcmlwdGlvbiI6MCwidGh1bWJuYWlscyI6MCwiY2NfbG9hZF9wb2xpY3kiOiIxIiwiY2NfbGFuZ19wcmVmIjoiMSIsImhsIjoiIiwiaXZfbG9hZF9wb2xpY3kiOiIxIn0sImxhc3RfdGFiIjoiY2FjaGUiLCJ1c2VfYXNfbW9kYWwiOiJvZmYiLCJtb2RhbF9pZCI6Im9mZiIsImxhc3RfdXBkYXRlIjoiMTU0MjYzODM3NiIsInN0eWxpbmciOnsicGFnZXJfbGF5b3V0IjoiZGVmYXVsdCIsImJ1dHRvbiI6IjEiLCJidXR0b25fY29sb3IiOiIiLCJidXR0b25fYmdfY29sb3IiOiIiLCJidXR0b25fY29sb3JfaG92ZXIiOiIiLCJidXR0b25fYmdfY29sb3JfaG92ZXIiOiIiLCJ2aWRlb19zdHlsZSI6IiIsInBsYXlpY29uX2NvbG9yIjoiIiwiaG92ZXJfaWNvbiI6IiIsImdhbGxlcnlfYmciOiIifSwiZWZmZWN0cyI6eyJ2aWRlb19ib3giOiIiLCJmbGlwX2VmZmVjdCI6IiJ9LCJnYWxsZXJ5X2lkIjoiNjlkZmMwNTZhNjgwMyIsIm5leHQiOiJFQUFhSGxCVU9rTkNaMmxGUkVwQ1VWVldRMDR3UlhsUk1Fa3pUbXBOZWs1RWF3IiwicHJldiI6IiJ9\"\n\t\t\tdata-player=\"large\"\n\t\t\tdata-showdesc=\"off\" >\n\t\t\t\t<div>\n\t\t\t\t\t\t\t\t\t\t<div class=\"yotu-wrapper-player\" style=\"width:600px\">\n\t\t\t\t\t\t\t\t\t\t\t\t<div class=\"yotu-player\">\n\t\t\t\t\t\t\t<div class=\"yotu-video-placeholder\" id=\"yotu-player-69dfc0571ff4c\"><\/div>\n\t\t\t\t\t\t<\/div>\n\t\t\t\t\t\t<div class=\"yotu-playing-status\"><\/div>\n\t\t\t\t\t\t\t\t\t\t\t<\/div>\n\n\t\t\t\t\t<div class=\"yotu-pagination yotu-pager_layout-default yotu-pagination-top\">\n<a href=\"#\" class=\"yotu-pagination-prev yotu-button-prs yotu-button-prs-1\" data-page=\"prev\">Prev<\/a>\n<span class=\"yotu-pagination-current\">1<\/span> <span>of<\/span> <span class=\"yotu-pagination-total\">15<\/span>\n<a href=\"#\" class=\"yotu-pagination-next yotu-button-prs yotu-button-prs-1\" data-page=\"next\">Next<\/a>\n<\/div>\n<div class=\"yotu-videos yotu-mode-grid yotu-column-3 yotu-player-mode-large\">\n\t<ul>\n\t\t\t\t\t<li class=\" yotu-first\">\n\t\t\t\t\t\t\t\t<a href=\"#UhWvn8XSwsY\" class=\"yotu-video\" data-videoid=\"UhWvn8XSwsY\" data-title=\"O Evagelho Verdadeiro - Prega\u00e7\u00e3o da Palavra de Deus\" title=\"O Evagelho Verdadeiro - Prega\u00e7\u00e3o da Palavra de Deus\">\n\t\t\t\t\t<div class=\"yotu-video-thumb-wrp\">\n\t\t\t\t\t\t<div>\n\t\t\t\t\t\t\t\t\t\t\t\t\t\t<img decoding=\"async\" class=\"yotu-video-thumb\" src=\"https:\/\/i.ytimg.com\/vi\/UhWvn8XSwsY\/sddefault.jpg\" alt=\"O Evagelho Verdadeiro - Prega\u00e7\u00e3o da Palavra de Deus\">\t\n\t\t\t\t\t\t\t\t\t\t\t\t\t<\/div>\n\t\t\t\t\t<\/div>\n\t\t\t\t\t\t\t\t\t\t\t<h3 class=\"yotu-video-title\">O Evagelho Verdadeiro - Prega\u00e7\u00e3o da Palavra de Deus<\/h3>\n\t\t\t\t\t\t\t\t\t\t\t\t\t\t\t\t\t\t\t<\/a>\n\t\t\t\t\t\t\t<\/li>\n\t\t\t\t\n\t\t\t\t\t\t<li class=\"\">\n\t\t\t\t\t\t\t\t<a href=\"#_0IRhDfVaGk\" class=\"yotu-video\" data-videoid=\"_0IRhDfVaGk\" data-title=\"O Evagelho Verdadeiro - Prega\u00e7\u00e3o da Palavra de Deus\" title=\"O Evagelho Verdadeiro - Prega\u00e7\u00e3o da Palavra de Deus\">\n\t\t\t\t\t<div class=\"yotu-video-thumb-wrp\">\n\t\t\t\t\t\t<div>\n\t\t\t\t\t\t\t\t\t\t\t\t\t\t<img decoding=\"async\" class=\"yotu-video-thumb\" src=\"https:\/\/i.ytimg.com\/vi\/_0IRhDfVaGk\/sddefault.jpg\" alt=\"O Evagelho Verdadeiro - Prega\u00e7\u00e3o da Palavra de Deus\">\t\n\t\t\t\t\t\t\t\t\t\t\t\t\t<\/div>\n\t\t\t\t\t<\/div>\n\t\t\t\t\t\t\t\t\t\t\t<h3 class=\"yotu-video-title\">O Evagelho Verdadeiro - Prega\u00e7\u00e3o da Palavra de Deus<\/h3>\n\t\t\t\t\t\t\t\t\t\t\t\t\t\t\t\t\t\t\t<\/a>\n\t\t\t\t\t\t\t<\/li>\n\t\t\t\t\n\t\t\t\t\t\t<li class=\"\">\n\t\t\t\t\t\t\t\t<a href=\"#UiEDGtyP8Jo\" class=\"yotu-video\" data-videoid=\"UiEDGtyP8Jo\" data-title=\"O Evagelho Verdadeiro - Prega\u00e7\u00e3o da Palavra de Deus\" title=\"O Evagelho Verdadeiro - Prega\u00e7\u00e3o da Palavra de Deus\">\n\t\t\t\t\t<div class=\"yotu-video-thumb-wrp\">\n\t\t\t\t\t\t<div>\n\t\t\t\t\t\t\t\t\t\t\t\t\t\t<img decoding=\"async\" class=\"yotu-video-thumb\" src=\"https:\/\/i.ytimg.com\/vi\/UiEDGtyP8Jo\/sddefault.jpg\" alt=\"O Evagelho Verdadeiro - Prega\u00e7\u00e3o da Palavra de Deus\">\t\n\t\t\t\t\t\t\t\t\t\t\t\t\t<\/div>\n\t\t\t\t\t<\/div>\n\t\t\t\t\t\t\t\t\t\t\t<h3 class=\"yotu-video-title\">O Evagelho Verdadeiro - Prega\u00e7\u00e3o da Palavra de Deus<\/h3>\n\t\t\t\t\t\t\t\t\t\t\t\t\t\t\t\t\t\t\t<\/a>\n\t\t\t\t\t\t\t<\/li>\n\t\t\t\t\n\t\t\t\t\t\t<li class=\"\">\n\t\t\t\t\t\t\t\t<a href=\"#OaVsqarFQwI\" class=\"yotu-video\" data-videoid=\"OaVsqarFQwI\" data-title=\"O Evagelho Verdadeiro - Prega\u00e7\u00e3o da Palavra de Deus\" title=\"O Evagelho Verdadeiro - Prega\u00e7\u00e3o da Palavra de Deus\">\n\t\t\t\t\t<div class=\"yotu-video-thumb-wrp\">\n\t\t\t\t\t\t<div>\n\t\t\t\t\t\t\t\t\t\t\t\t\t\t<img decoding=\"async\" class=\"yotu-video-thumb\" src=\"https:\/\/i.ytimg.com\/vi\/OaVsqarFQwI\/sddefault.jpg\" alt=\"O Evagelho Verdadeiro - Prega\u00e7\u00e3o da Palavra de Deus\">\t\n\t\t\t\t\t\t\t\t\t\t\t\t\t<\/div>\n\t\t\t\t\t<\/div>\n\t\t\t\t\t\t\t\t\t\t\t<h3 class=\"yotu-video-title\">O Evagelho Verdadeiro - Prega\u00e7\u00e3o da Palavra de Deus<\/h3>\n\t\t\t\t\t\t\t\t\t\t\t\t\t\t\t\t\t\t\t<\/a>\n\t\t\t\t\t\t\t<\/li>\n\t\t\t\t\n\t\t\t\t\t\t<li class=\"\">\n\t\t\t\t\t\t\t\t<a href=\"#N9V_W7fdCDQ\" class=\"yotu-video\" data-videoid=\"N9V_W7fdCDQ\" data-title=\"O Evagelho Verdadeiro - Prega\u00e7\u00e3o da Palavra de Deus\" title=\"O Evagelho Verdadeiro - Prega\u00e7\u00e3o da Palavra de Deus\">\n\t\t\t\t\t<div class=\"yotu-video-thumb-wrp\">\n\t\t\t\t\t\t<div>\n\t\t\t\t\t\t\t\t\t\t\t\t\t\t<img decoding=\"async\" class=\"yotu-video-thumb\" src=\"https:\/\/i.ytimg.com\/vi\/N9V_W7fdCDQ\/sddefault.jpg\" alt=\"O Evagelho Verdadeiro - Prega\u00e7\u00e3o da Palavra de Deus\">\t\n\t\t\t\t\t\t\t\t\t\t\t\t\t<\/div>\n\t\t\t\t\t<\/div>\n\t\t\t\t\t\t\t\t\t\t\t<h3 class=\"yotu-video-title\">O Evagelho Verdadeiro - Prega\u00e7\u00e3o da Palavra de Deus<\/h3>\n\t\t\t\t\t\t\t\t\t\t\t\t\t\t\t\t\t\t\t<\/a>\n\t\t\t\t\t\t\t<\/li>\n\t\t\t\t\n\t\t\t\t\t\t<li class=\"\">\n\t\t\t\t\t\t\t\t<a href=\"#s5Xdt_1ywW8\" class=\"yotu-video\" data-videoid=\"s5Xdt_1ywW8\" data-title=\"O Evagelho Verdadeiro - Prega\u00e7\u00e3o da Palavra de Deus\" title=\"O Evagelho Verdadeiro - Prega\u00e7\u00e3o da Palavra de Deus\">\n\t\t\t\t\t<div class=\"yotu-video-thumb-wrp\">\n\t\t\t\t\t\t<div>\n\t\t\t\t\t\t\t\t\t\t\t\t\t\t<img decoding=\"async\" class=\"yotu-video-thumb\" src=\"https:\/\/i.ytimg.com\/vi\/s5Xdt_1ywW8\/sddefault.jpg\" alt=\"O Evagelho Verdadeiro - Prega\u00e7\u00e3o da Palavra de Deus\">\t\n\t\t\t\t\t\t\t\t\t\t\t\t\t<\/div>\n\t\t\t\t\t<\/div>\n\t\t\t\t\t\t\t\t\t\t\t<h3 class=\"yotu-video-title\">O Evagelho Verdadeiro - Prega\u00e7\u00e3o da Palavra de Deus<\/h3>\n\t\t\t\t\t\t\t\t\t\t\t\t\t\t\t\t\t\t\t<\/a>\n\t\t\t\t\t\t\t<\/li>\n\t\t\t\t\n\t\t\t\t\t\t<li class=\"\">\n\t\t\t\t\t\t\t\t<a href=\"#YQkRdS5FxeU\" class=\"yotu-video\" data-videoid=\"YQkRdS5FxeU\" data-title=\"O Evagelho Verdadeiro - Prega\u00e7\u00e3o da Palavra de Deus\" title=\"O Evagelho Verdadeiro - Prega\u00e7\u00e3o da Palavra de Deus\">\n\t\t\t\t\t<div class=\"yotu-video-thumb-wrp\">\n\t\t\t\t\t\t<div>\n\t\t\t\t\t\t\t\t\t\t\t\t\t\t<img decoding=\"async\" class=\"yotu-video-thumb\" src=\"https:\/\/i.ytimg.com\/vi\/YQkRdS5FxeU\/sddefault.jpg\" alt=\"O Evagelho Verdadeiro - Prega\u00e7\u00e3o da Palavra de Deus\">\t\n\t\t\t\t\t\t\t\t\t\t\t\t\t<\/div>\n\t\t\t\t\t<\/div>\n\t\t\t\t\t\t\t\t\t\t\t<h3 class=\"yotu-video-title\">O Evagelho Verdadeiro - Prega\u00e7\u00e3o da Palavra de Deus<\/h3>\n\t\t\t\t\t\t\t\t\t\t\t\t\t\t\t\t\t\t\t<\/a>\n\t\t\t\t\t\t\t<\/li>\n\t\t\t\t\n\t\t\t\t\t\t<li class=\"\">\n\t\t\t\t\t\t\t\t<a href=\"#mInTE3IgpAY\" class=\"yotu-video\" data-videoid=\"mInTE3IgpAY\" data-title=\"06\/04\/2022 - Transmiss\u00e3o Ao Vivo\" title=\"06\/04\/2022 - Transmiss\u00e3o Ao Vivo\">\n\t\t\t\t\t<div class=\"yotu-video-thumb-wrp\">\n\t\t\t\t\t\t<div>\n\t\t\t\t\t\t\t\t\t\t\t\t\t\t<img decoding=\"async\" class=\"yotu-video-thumb\" src=\"https:\/\/i.ytimg.com\/vi\/mInTE3IgpAY\/sddefault.jpg\" alt=\"06\/04\/2022 - Transmiss\u00e3o Ao Vivo\">\t\n\t\t\t\t\t\t\t\t\t\t\t\t\t<\/div>\n\t\t\t\t\t<\/div>\n\t\t\t\t\t\t\t\t\t\t\t<h3 class=\"yotu-video-title\">06\/04\/2022 - Transmiss\u00e3o Ao Vivo<\/h3>\n\t\t\t\t\t\t\t\t\t\t\t\t\t\t\t\t\t\t\t<\/a>\n\t\t\t\t\t\t\t<\/li>\n\t\t\t\t\n\t\t\t\t\t\t<li class=\"\">\n\t\t\t\t\t\t\t\t<a href=\"#_fM8Dp3qptU\" class=\"yotu-video\" data-videoid=\"_fM8Dp3qptU\" data-title=\"21\/03\/2022 - Transmiss\u00e3o Ao Vivo\" title=\"21\/03\/2022 - Transmiss\u00e3o Ao Vivo\">\n\t\t\t\t\t<div class=\"yotu-video-thumb-wrp\">\n\t\t\t\t\t\t<div>\n\t\t\t\t\t\t\t\t\t\t\t\t\t\t<img decoding=\"async\" class=\"yotu-video-thumb\" src=\"https:\/\/i.ytimg.com\/vi\/_fM8Dp3qptU\/sddefault.jpg\" alt=\"21\/03\/2022 - Transmiss\u00e3o Ao Vivo\">\t\n\t\t\t\t\t\t\t\t\t\t\t\t\t<\/div>\n\t\t\t\t\t<\/div>\n\t\t\t\t\t\t\t\t\t\t\t<h3 class=\"yotu-video-title\">21\/03\/2022 - Transmiss\u00e3o Ao Vivo<\/h3>\n\t\t\t\t\t\t\t\t\t\t\t\t\t\t\t\t\t\t\t<\/a>\n\t\t\t\t\t\t\t<\/li>\n\t\t\t\t\n\t\t\t\t\t\t<li class=\"\">\n\t\t\t\t\t\t\t\t<a href=\"#IEOHjUtTpNM\" class=\"yotu-video\" data-videoid=\"IEOHjUtTpNM\" data-title=\"15\/03\/2022 - Transmiss\u00e3o Ao Vivo\" title=\"15\/03\/2022 - Transmiss\u00e3o Ao Vivo\">\n\t\t\t\t\t<div class=\"yotu-video-thumb-wrp\">\n\t\t\t\t\t\t<div>\n\t\t\t\t\t\t\t\t\t\t\t\t\t\t<img decoding=\"async\" class=\"yotu-video-thumb\" src=\"https:\/\/i.ytimg.com\/vi\/IEOHjUtTpNM\/sddefault.jpg\" alt=\"15\/03\/2022 - Transmiss\u00e3o Ao Vivo\">\t\n\t\t\t\t\t\t\t\t\t\t\t\t\t<\/div>\n\t\t\t\t\t<\/div>\n\t\t\t\t\t\t\t\t\t\t\t<h3 class=\"yotu-video-title\">15\/03\/2022 - Transmiss\u00e3o Ao Vivo<\/h3>\n\t\t\t\t\t\t\t\t\t\t\t\t\t\t\t\t\t\t\t<\/a>\n\t\t\t\t\t\t\t<\/li>\n\t\t\t\t\n\t\t\t\t\t\t<li class=\"\">\n\t\t\t\t\t\t\t\t<a href=\"#5Y3OTnNsU84\" class=\"yotu-video\" data-videoid=\"5Y3OTnNsU84\" data-title=\"14\/03\/2022 - Transmiss\u00e3o Ao Vivo\" title=\"14\/03\/2022 - Transmiss\u00e3o Ao Vivo\">\n\t\t\t\t\t<div class=\"yotu-video-thumb-wrp\">\n\t\t\t\t\t\t<div>\n\t\t\t\t\t\t\t\t\t\t\t\t\t\t<img decoding=\"async\" class=\"yotu-video-thumb\" src=\"https:\/\/i.ytimg.com\/vi\/5Y3OTnNsU84\/sddefault.jpg\" alt=\"14\/03\/2022 - Transmiss\u00e3o Ao Vivo\">\t\n\t\t\t\t\t\t\t\t\t\t\t\t\t<\/div>\n\t\t\t\t\t<\/div>\n\t\t\t\t\t\t\t\t\t\t\t<h3 class=\"yotu-video-title\">14\/03\/2022 - Transmiss\u00e3o Ao Vivo<\/h3>\n\t\t\t\t\t\t\t\t\t\t\t\t\t\t\t\t\t\t\t<\/a>\n\t\t\t\t\t\t\t<\/li>\n\t\t\t\t\n\t\t\t\t\t\t<li class=\"\">\n\t\t\t\t\t\t\t\t<a href=\"#nvfv-PNEPlg\" class=\"yotu-video\" data-videoid=\"nvfv-PNEPlg\" data-title=\"09\/03\/2022 - Transmiss\u00e3o Ao Vivo\" title=\"09\/03\/2022 - Transmiss\u00e3o Ao Vivo\">\n\t\t\t\t\t<div class=\"yotu-video-thumb-wrp\">\n\t\t\t\t\t\t<div>\n\t\t\t\t\t\t\t\t\t\t\t\t\t\t<img decoding=\"async\" class=\"yotu-video-thumb\" src=\"https:\/\/i.ytimg.com\/vi\/nvfv-PNEPlg\/sddefault.jpg\" alt=\"09\/03\/2022 - Transmiss\u00e3o Ao Vivo\">\t\n\t\t\t\t\t\t\t\t\t\t\t\t\t<\/div>\n\t\t\t\t\t<\/div>\n\t\t\t\t\t\t\t\t\t\t\t<h3 class=\"yotu-video-title\">09\/03\/2022 - Transmiss\u00e3o Ao Vivo<\/h3>\n\t\t\t\t\t\t\t\t\t\t\t\t\t\t\t\t\t\t\t<\/a>\n\t\t\t\t\t\t\t<\/li>\n\t\t\t\t\n\t\t\t\t\t\t<li class=\"\">\n\t\t\t\t\t\t\t\t<a href=\"#frIeAVYgIHQ\" class=\"yotu-video\" data-videoid=\"frIeAVYgIHQ\" data-title=\"02\/03\/2022 - Transmiss\u00e3o Ao Vivo\" title=\"02\/03\/2022 - Transmiss\u00e3o Ao Vivo\">\n\t\t\t\t\t<div class=\"yotu-video-thumb-wrp\">\n\t\t\t\t\t\t<div>\n\t\t\t\t\t\t\t\t\t\t\t\t\t\t<img decoding=\"async\" class=\"yotu-video-thumb\" src=\"https:\/\/i.ytimg.com\/vi\/frIeAVYgIHQ\/sddefault.jpg\" alt=\"02\/03\/2022 - Transmiss\u00e3o Ao Vivo\">\t\n\t\t\t\t\t\t\t\t\t\t\t\t\t<\/div>\n\t\t\t\t\t<\/div>\n\t\t\t\t\t\t\t\t\t\t\t<h3 class=\"yotu-video-title\">02\/03\/2022 - Transmiss\u00e3o Ao Vivo<\/h3>\n\t\t\t\t\t\t\t\t\t\t\t\t\t\t\t\t\t\t\t<\/a>\n\t\t\t\t\t\t\t<\/li>\n\t\t\t\t\n\t\t\t\t\t\t<li class=\"\">\n\t\t\t\t\t\t\t\t<a href=\"#o2nI_vPwcZA\" class=\"yotu-video\" data-videoid=\"o2nI_vPwcZA\" data-title=\"01\/03\/2022 - Transmiss\u00e3o Ao Vivo\" title=\"01\/03\/2022 - Transmiss\u00e3o Ao Vivo\">\n\t\t\t\t\t<div class=\"yotu-video-thumb-wrp\">\n\t\t\t\t\t\t<div>\n\t\t\t\t\t\t\t\t\t\t\t\t\t\t<img decoding=\"async\" class=\"yotu-video-thumb\" src=\"https:\/\/i.ytimg.com\/vi\/o2nI_vPwcZA\/sddefault.jpg\" alt=\"01\/03\/2022 - Transmiss\u00e3o Ao Vivo\">\t\n\t\t\t\t\t\t\t\t\t\t\t\t\t<\/div>\n\t\t\t\t\t<\/div>\n\t\t\t\t\t\t\t\t\t\t\t<h3 class=\"yotu-video-title\">01\/03\/2022 - Transmiss\u00e3o Ao Vivo<\/h3>\n\t\t\t\t\t\t\t\t\t\t\t\t\t\t\t\t\t\t\t<\/a>\n\t\t\t\t\t\t\t<\/li>\n\t\t\t\t\n\t\t\t\t\t\t<li class=\"\">\n\t\t\t\t\t\t\t\t<a href=\"#YDMbQa5QHAA\" class=\"yotu-video\" data-videoid=\"YDMbQa5QHAA\" data-title=\"28\/02\/2022 - Transmiss\u00e3o Ao Vivo\" title=\"28\/02\/2022 - Transmiss\u00e3o Ao Vivo\">\n\t\t\t\t\t<div class=\"yotu-video-thumb-wrp\">\n\t\t\t\t\t\t<div>\n\t\t\t\t\t\t\t\t\t\t\t\t\t\t<img decoding=\"async\" class=\"yotu-video-thumb\" src=\"https:\/\/i.ytimg.com\/vi\/YDMbQa5QHAA\/sddefault_live.jpg\" alt=\"28\/02\/2022 - Transmiss\u00e3o Ao Vivo\">\t\n\t\t\t\t\t\t\t\t\t\t\t\t\t<\/div>\n\t\t\t\t\t<\/div>\n\t\t\t\t\t\t\t\t\t\t\t<h3 class=\"yotu-video-title\">28\/02\/2022 - Transmiss\u00e3o Ao Vivo<\/h3>\n\t\t\t\t\t\t\t\t\t\t\t\t\t\t\t\t\t\t\t<\/a>\n\t\t\t\t\t\t\t<\/li>\n\t\t\t\t\n\t\t\t\t\t\t<li class=\"\">\n\t\t\t\t\t\t\t\t<a href=\"#SwCfnkqhvSU\" class=\"yotu-video\" data-videoid=\"SwCfnkqhvSU\" data-title=\"21\/02\/2022 - Transmiss\u00e3o Ao Vivo\" title=\"21\/02\/2022 - Transmiss\u00e3o Ao Vivo\">\n\t\t\t\t\t<div class=\"yotu-video-thumb-wrp\">\n\t\t\t\t\t\t<div>\n\t\t\t\t\t\t\t\t\t\t\t\t\t\t<img decoding=\"async\" class=\"yotu-video-thumb\" src=\"https:\/\/i.ytimg.com\/vi\/SwCfnkqhvSU\/sddefault.jpg\" alt=\"21\/02\/2022 - Transmiss\u00e3o Ao Vivo\">\t\n\t\t\t\t\t\t\t\t\t\t\t\t\t<\/div>\n\t\t\t\t\t<\/div>\n\t\t\t\t\t\t\t\t\t\t\t<h3 class=\"yotu-video-title\">21\/02\/2022 - Transmiss\u00e3o Ao Vivo<\/h3>\n\t\t\t\t\t\t\t\t\t\t\t\t\t\t\t\t\t\t\t<\/a>\n\t\t\t\t\t\t\t<\/li>\n\t\t\t\t\n\t\t\t\t\t\t<li class=\"\">\n\t\t\t\t\t\t\t\t<a href=\"#ceAwDTpFznQ\" class=\"yotu-video\" data-videoid=\"ceAwDTpFznQ\" data-title=\"16\/02\/2022 - Transmiss\u00e3o Ao Vivo\" title=\"16\/02\/2022 - Transmiss\u00e3o Ao Vivo\">\n\t\t\t\t\t<div class=\"yotu-video-thumb-wrp\">\n\t\t\t\t\t\t<div>\n\t\t\t\t\t\t\t\t\t\t\t\t\t\t<img decoding=\"async\" class=\"yotu-video-thumb\" src=\"https:\/\/i.ytimg.com\/vi\/ceAwDTpFznQ\/sddefault.jpg\" alt=\"16\/02\/2022 - Transmiss\u00e3o Ao Vivo\">\t\n\t\t\t\t\t\t\t\t\t\t\t\t\t<\/div>\n\t\t\t\t\t<\/div>\n\t\t\t\t\t\t\t\t\t\t\t<h3 class=\"yotu-video-title\">16\/02\/2022 - Transmiss\u00e3o Ao Vivo<\/h3>\n\t\t\t\t\t\t\t\t\t\t\t\t\t\t\t\t\t\t\t<\/a>\n\t\t\t\t\t\t\t<\/li>\n\t\t\t\t\n\t\t\t\t\t\t<li class=\"\">\n\t\t\t\t\t\t\t\t<a href=\"#Hgiy0lBLanY\" class=\"yotu-video\" data-videoid=\"Hgiy0lBLanY\" data-title=\"15\/02\/2022 - Transmiss\u00e3o Ao Vivo\" title=\"15\/02\/2022 - Transmiss\u00e3o Ao Vivo\">\n\t\t\t\t\t<div class=\"yotu-video-thumb-wrp\">\n\t\t\t\t\t\t<div>\n\t\t\t\t\t\t\t\t\t\t\t\t\t\t<img decoding=\"async\" class=\"yotu-video-thumb\" src=\"https:\/\/i.ytimg.com\/vi\/Hgiy0lBLanY\/sddefault.jpg\" alt=\"15\/02\/2022 - Transmiss\u00e3o Ao Vivo\">\t\n\t\t\t\t\t\t\t\t\t\t\t\t\t<\/div>\n\t\t\t\t\t<\/div>\n\t\t\t\t\t\t\t\t\t\t\t<h3 class=\"yotu-video-title\">15\/02\/2022 - Transmiss\u00e3o Ao Vivo<\/h3>\n\t\t\t\t\t\t\t\t\t\t\t\t\t\t\t\t\t\t\t<\/a>\n\t\t\t\t\t\t\t<\/li>\n\t\t\t\t\n\t\t\t\t\t\t<li class=\"\">\n\t\t\t\t\t\t\t\t<a href=\"#u-3CDe6T5O8\" class=\"yotu-video\" data-videoid=\"u-3CDe6T5O8\" data-title=\"14\/02\/2022 - Transmiss\u00e3o Ao Vivo\" title=\"14\/02\/2022 - Transmiss\u00e3o Ao Vivo\">\n\t\t\t\t\t<div class=\"yotu-video-thumb-wrp\">\n\t\t\t\t\t\t<div>\n\t\t\t\t\t\t\t\t\t\t\t\t\t\t<img decoding=\"async\" class=\"yotu-video-thumb\" src=\"https:\/\/i.ytimg.com\/vi\/u-3CDe6T5O8\/sddefault.jpg\" alt=\"14\/02\/2022 - Transmiss\u00e3o Ao Vivo\">\t\n\t\t\t\t\t\t\t\t\t\t\t\t\t<\/div>\n\t\t\t\t\t<\/div>\n\t\t\t\t\t\t\t\t\t\t\t<h3 class=\"yotu-video-title\">14\/02\/2022 - Transmiss\u00e3o Ao Vivo<\/h3>\n\t\t\t\t\t\t\t\t\t\t\t\t\t\t\t\t\t\t\t<\/a>\n\t\t\t\t\t\t\t<\/li>\n\t\t\t\t\n\t\t\t\t\t\t<li class=\"\">\n\t\t\t\t\t\t\t\t<a href=\"#yhk8a7EWR0Y\" class=\"yotu-video\" data-videoid=\"yhk8a7EWR0Y\" data-title=\"09\/02\/2022 - Transmiss\u00e3o Ao Vivo\" title=\"09\/02\/2022 - Transmiss\u00e3o Ao Vivo\">\n\t\t\t\t\t<div class=\"yotu-video-thumb-wrp\">\n\t\t\t\t\t\t<div>\n\t\t\t\t\t\t\t\t\t\t\t\t\t\t<img decoding=\"async\" class=\"yotu-video-thumb\" src=\"https:\/\/i.ytimg.com\/vi\/yhk8a7EWR0Y\/sddefault.jpg\" alt=\"09\/02\/2022 - Transmiss\u00e3o Ao Vivo\">\t\n\t\t\t\t\t\t\t\t\t\t\t\t\t<\/div>\n\t\t\t\t\t<\/div>\n\t\t\t\t\t\t\t\t\t\t\t<h3 class=\"yotu-video-title\">09\/02\/2022 - Transmiss\u00e3o Ao Vivo<\/h3>\n\t\t\t\t\t\t\t\t\t\t\t\t\t\t\t\t\t\t\t<\/a>\n\t\t\t\t\t\t\t<\/li>\n\t\t\t\t\n\t\t\t\t\t\t<li class=\"\">\n\t\t\t\t\t\t\t\t<a href=\"#l3IQApLgIfI\" class=\"yotu-video\" data-videoid=\"l3IQApLgIfI\" data-title=\"08\/02\/2022 - Transmiss\u00e3o Ao Vivo\" title=\"08\/02\/2022 - Transmiss\u00e3o Ao Vivo\">\n\t\t\t\t\t<div class=\"yotu-video-thumb-wrp\">\n\t\t\t\t\t\t<div>\n\t\t\t\t\t\t\t\t\t\t\t\t\t\t<img decoding=\"async\" class=\"yotu-video-thumb\" src=\"https:\/\/i.ytimg.com\/vi\/l3IQApLgIfI\/sddefault.jpg\" alt=\"08\/02\/2022 - Transmiss\u00e3o Ao Vivo\">\t\n\t\t\t\t\t\t\t\t\t\t\t\t\t<\/div>\n\t\t\t\t\t<\/div>\n\t\t\t\t\t\t\t\t\t\t\t<h3 class=\"yotu-video-title\">08\/02\/2022 - Transmiss\u00e3o Ao Vivo<\/h3>\n\t\t\t\t\t\t\t\t\t\t\t\t\t\t\t\t\t\t\t<\/a>\n\t\t\t\t\t\t\t<\/li>\n\t\t\t\t\n\t\t\t\t\t\t<li class=\"\">\n\t\t\t\t\t\t\t\t<a href=\"#ldz8Oj5VDM4\" class=\"yotu-video\" data-videoid=\"ldz8Oj5VDM4\" data-title=\"07\/02\/2022 - Transmiss\u00e3o Ao Vivo\" title=\"07\/02\/2022 - Transmiss\u00e3o Ao Vivo\">\n\t\t\t\t\t<div class=\"yotu-video-thumb-wrp\">\n\t\t\t\t\t\t<div>\n\t\t\t\t\t\t\t\t\t\t\t\t\t\t<img decoding=\"async\" class=\"yotu-video-thumb\" src=\"https:\/\/i.ytimg.com\/vi\/ldz8Oj5VDM4\/sddefault.jpg\" alt=\"07\/02\/2022 - Transmiss\u00e3o Ao Vivo\">\t\n\t\t\t\t\t\t\t\t\t\t\t\t\t<\/div>\n\t\t\t\t\t<\/div>\n\t\t\t\t\t\t\t\t\t\t\t<h3 class=\"yotu-video-title\">07\/02\/2022 - Transmiss\u00e3o Ao Vivo<\/h3>\n\t\t\t\t\t\t\t\t\t\t\t\t\t\t\t\t\t\t\t<\/a>\n\t\t\t\t\t\t\t<\/li>\n\t\t\t\t\n\t\t\t\t\t\t<li class=\"\">\n\t\t\t\t\t\t\t\t<a href=\"#odyDt0Lp-gQ\" class=\"yotu-video\" data-videoid=\"odyDt0Lp-gQ\" data-title=\"11\/01\/2022 - Transmiss\u00e3o Ao Vivo\" title=\"11\/01\/2022 - Transmiss\u00e3o Ao Vivo\">\n\t\t\t\t\t<div class=\"yotu-video-thumb-wrp\">\n\t\t\t\t\t\t<div>\n\t\t\t\t\t\t\t\t\t\t\t\t\t\t<img decoding=\"async\" class=\"yotu-video-thumb\" src=\"https:\/\/i.ytimg.com\/vi\/odyDt0Lp-gQ\/sddefault.jpg\" alt=\"11\/01\/2022 - Transmiss\u00e3o Ao Vivo\">\t\n\t\t\t\t\t\t\t\t\t\t\t\t\t<\/div>\n\t\t\t\t\t<\/div>\n\t\t\t\t\t\t\t\t\t\t\t<h3 class=\"yotu-video-title\">11\/01\/2022 - Transmiss\u00e3o Ao Vivo<\/h3>\n\t\t\t\t\t\t\t\t\t\t\t\t\t\t\t\t\t\t\t<\/a>\n\t\t\t\t\t\t\t<\/li>\n\t\t\t\t\n\t\t\t\t\t\t<li class=\" yotu-last\">\n\t\t\t\t\t\t\t\t<a href=\"#c0GsLvruGIM\" class=\"yotu-video\" data-videoid=\"c0GsLvruGIM\" data-title=\"01\/02\/2022 - Transmiss\u00e3o Ao Vivo\" title=\"01\/02\/2022 - Transmiss\u00e3o Ao Vivo\">\n\t\t\t\t\t<div class=\"yotu-video-thumb-wrp\">\n\t\t\t\t\t\t<div>\n\t\t\t\t\t\t\t\t\t\t\t\t\t\t<img decoding=\"async\" class=\"yotu-video-thumb\" src=\"https:\/\/i.ytimg.com\/vi\/c0GsLvruGIM\/sddefault.jpg\" alt=\"01\/02\/2022 - Transmiss\u00e3o Ao Vivo\">\t\n\t\t\t\t\t\t\t\t\t\t\t\t\t<\/div>\n\t\t\t\t\t<\/div>\n\t\t\t\t\t\t\t\t\t\t\t<h3 class=\"yotu-video-title\">01\/02\/2022 - Transmiss\u00e3o Ao Vivo<\/h3>\n\t\t\t\t\t\t\t\t\t\t\t\t\t\t\t\t\t\t\t<\/a>\n\t\t\t\t\t\t\t<\/li>\n\t\t\t\t\n\t\t\t\t<\/ul>\n<\/div><div class=\"yotu-pagination yotu-pager_layout-default yotu-pagination-bottom\">\n<a href=\"#\" class=\"yotu-pagination-prev yotu-button-prs yotu-button-prs-1\" data-page=\"prev\">Prev<\/a>\n<span class=\"yotu-pagination-current\">1<\/span> <span>of<\/span> <span class=\"yotu-pagination-total\">15<\/span>\n<a href=\"#\" class=\"yotu-pagination-next yotu-button-prs yotu-button-prs-1\" data-page=\"next\">Next<\/a>\n<\/div>\n\t\t\t\t<\/div>\n\t\t\t<\/div>\n\t\t\t<\/div><\/div><\/div><\/div><\/div>","protected":false},"excerpt":{"rendered":"<p>Prev 1 of 15 Next O Evagelho Verdadeiro &#8211; Prega\u00e7\u00e3o da Palavra de Deus O Evagelho Verdadeiro &#8211; Prega\u00e7\u00e3o da Palavra de Deus O Evagelho Verdadeiro &#8211; Prega\u00e7\u00e3o da Palavra de Deus O Evagelho Verdadeiro &#8211; Prega\u00e7\u00e3o da Palavra de Deus O Evagelho Verdadeiro &#8211; Prega\u00e7\u00e3o da Palavra de Deus O Evagelho Verdadeiro &#8211; Prega\u00e7\u00e3o [&hellip;]<\/p>\n","protected":false},"author":1,"featured_media":0,"parent":0,"menu_order":0,"comment_status":"closed","ping_status":"closed","template":"","meta":{"footnotes":""},"class_list":["post-2","page","type-page","status-publish","hentry"],"_links":{"self":[{"href":"https:\/\/www.oevangelho.org.br\/index.php?rest_route=\/wp\/v2\/pages\/2","targetHints":{"allow":["GET"]}}],"collection":[{"href":"https:\/\/www.oevangelho.org.br\/index.php?rest_route=\/wp\/v2\/pages"}],"about":[{"href":"https:\/\/www.oevangelho.org.br\/index.php?rest_route=\/wp\/v2\/types\/page"}],"author":[{"embeddable":true,"href":"https:\/\/www.oevangelho.org.br\/index.php?rest_route=\/wp\/v2\/users\/1"}],"replies":[{"embeddable":true,"href":"https:\/\/www.oevangelho.org.br\/index.php?rest_route=%2Fwp%2Fv2%2Fcomments&post=2"}],"version-history":[{"count":59,"href":"https:\/\/www.oevangelho.org.br\/index.php?rest_route=\/wp\/v2\/pages\/2\/revisions"}],"predecessor-version":[{"id":121,"href":"https:\/\/www.oevangelho.org.br\/index.php?rest_route=\/wp\/v2\/pages\/2\/revisions\/121"}],"wp:attachment":[{"href":"https:\/\/www.oevangelho.org.br\/index.php?rest_route=%2Fwp%2Fv2%2Fmedia&parent=2"}],"curies":[{"name":"wp","href":"https:\/\/api.w.org\/{rel}","templated":true}]}}